{"id":1169,"date":"2023-07-09T03:26:58","date_gmt":"2023-07-09T00:26:58","guid":{"rendered":"https:\/\/devamakine.com\/refurbished-blowers\/"},"modified":"2023-09-16T16:26:19","modified_gmt":"2023-09-16T13:26:19","slug":"refurbished-blowers","status":"publish","type":"page","link":"https:\/\/devamakine.com\/en\/refurbished-blowers\/","title":{"rendered":"Refurbished Blowers"},"content":{"rendered":"<section class=\"wpb-content-wrapper\"><p>[vc_row css=&#8221;.vc_custom_1608390959445{background-color: #f7f7f7 !important;}&#8221;][vc_column el_class=&#8221;pt-5 pb-2 pb-lg-5&#8243;][vc_raw_html el_class=&#8221;mb-0 tri-bottom&#8221;]PHN2ZyB4bWxucz0iaHR0cDovL3d3dy53My5vcmcvMjAwMC9zdmciIHhtbG5zOnhsaW5rPSJodHRwOi8vd3d3LnczLm9yZy8xOTk5L3hsaW5rIiB2ZXJzaW9uPSIxLjEiIHg9IjBweCIgeT0iMHB4IiB2aWV3Ym94PSIwIDAgMjAwMCAxMjAiIHByZXNlcnZlYXNwZWN0cmF0aW89InhNaW5ZTWluIj4KCTxwb2x5Z29uIGZpbGw9IiNGRkYiIHBvaW50cz0iLTExLDIgNjkzLDExMiAyMDE5LDYgMjAxOSwxMzUgLTExLDEzNSAgIj48L3BvbHlnb24+Cjwvc3ZnPg==[\/vc_raw_html]<div class=\"porto-container container pt-3 pb-5 mb-5\">[vc_custom_heading text=&#8221;DEVA MAKINE&#8221; font_container=&#8221;tag:h3|font_size:1.2em|text_align:left|line_height:42px&#8221; use_theme_fonts=&#8221;yes&#8221; font_weight=&#8221;500&#8243; skin=&#8221;primary&#8221; letter_spacing=&#8221;2.5px&#8221; animation_delay=&#8221;200&#8243; el_class=&#8221;mb-0&#8243;][vc_custom_heading text=&#8221;Reliable Machines by Deva&#8221; font_container=&#8221;tag:h2|font_size:2.5em|text_align:left|line_height:1.2&#8243; use_theme_fonts=&#8221;yes&#8221; font_weight=&#8221;700&#8243; animation_delay=&#8221;400&#8243; el_class=&#8221;mb-3&#8243;][vc_custom_heading text=&#8221;Our engineers have many years of experience.&#8221; font_container=&#8221;tag:p|font_size:1.4em|text_align:left|line_height:1.7&#8243; use_theme_fonts=&#8221;yes&#8221; animation_delay=&#8221;600&#8243; el_class=&#8221;custom-font1 mb-4&#8243;][vc_custom_heading text=&#8221;Deva carefully oversees the process of purchasing or selling refurbished blowers (second-hand blowers). The entire process is meticulously documented step by step. In the case of purchasing or selling blowers, Deva initiates a comprehensive assessment of their condition as a primary step. Subsequently, a detailed assessment report regarding their condition and performance is prepared. This report is presented to the concerned parties during both the purchasing and selling stages. At this stage, it is determined whether the blowers are suitable for refurbishment and resale. Deva provides a minimum 6-month warranty for its refurbished blower (second-hand blower) sales services.&#8221; font_container=&#8221;tag:p|text_align:left&#8221; use_theme_fonts=&#8221;yes&#8221; animation_delay=&#8221;800&#8243; el_class=&#8221;mb-0&#8243;][vc_empty_space height=&#8221;42px&#8221;][vc_row_inner el_class=&#8221;clear pt-4&#8243;][vc_column_inner el_class=&#8221;pe-lg-5 mb-4 mb-lg-0&#8243; offset=&#8221;vc_col-lg-6 vc_col-md-7&#8243;][vc_single_image image=&#8221;1587&#8243; img_size=&#8221;full&#8221; animation_delay=&#8221;1000&#8243; el_class=&#8221;box-shadow-3 mb-0&#8243; label=&#8221;&#8221;][vc_empty_space height=&#8221;45&#8243;][\/vc_column_inner][vc_column_inner offset=&#8221;vc_col-lg-6 vc_col-md-5&#8243;]<div class=\"porto-animation\" >[vc_custom_heading text=&#8221;Refurbished blowers (second-hand blowers) are another way to ensure the highest quality, similar to what new equipment offers.&#8221; font_container=&#8221;tag:p|text_align:left&#8221; use_theme_fonts=&#8221;yes&#8221; animation_delay=&#8221;800&#8243; el_class=&#8221;mb-0&#8243;][vc_empty_space height=&#8221;45&#8243;]<div class=\"porto-sicon-box mb-3  wpb_custom_1efe903570d178ff0a9b7bfa5febd3a4 style_1 default-icon\"><div class=\"porto-sicon-default\"><div class=\"porto-just-icon-wrapper porto-icon advanced\" style=\"color:#1e73be;border-style:solid;border-color:#e9e9e9;border-width:1px;width:28px;height:28px;line-height:28px;border-radius:15px;font-size:18px;margin-right:10px;\"><i class=\"fas fa-check\"><\/i><\/div><\/div><div class=\"porto-sicon-header\"><h5 class=\"porto-sicon-title\" style=\"font-weight:600;font-size:14px;letter-spacing:0;\">Onayl\u0131 yenilenmi\u015f (2.el blower) kullan\u0131lm\u0131\u015f makine program\u0131 i\u00e7in se\u00e7ilmi\u015ftir<\/h5><\/div> <!-- header --><\/div><!-- porto-sicon-box --><\/div><div class=\"porto-animation\" ><div class=\"porto-sicon-box mb-3  wpb_custom_1efe903570d178ff0a9b7bfa5febd3a4 style_1 default-icon\"><div class=\"porto-sicon-default\"><div class=\"porto-just-icon-wrapper porto-icon advanced\" style=\"color:#1e73be;border-style:solid;border-color:#e9e9e9;border-width:1px;width:28px;height:28px;line-height:28px;border-radius:15px;font-size:18px;margin-right:10px;\"><i class=\"fas fa-check\"><\/i><\/div><\/div><div class=\"porto-sicon-header\"><h5 class=\"porto-sicon-title\" style=\"font-weight:600;font-size:14px;letter-spacing:0;\">Silindir ve rotorlar\u0131n a\u015f\u0131nmalar\u0131 kontrol edilir. \u2028Bu kontroller yap\u0131ld\u0131ktan sonra yeni par\u00e7alar kullan\u0131larak, Deva taraf\u0131ndan blower yenilenir<\/h5><\/div> <!-- header --><\/div><!-- porto-sicon-box --><\/div><div class=\"porto-animation\" ><div class=\"porto-sicon-box mb-3  wpb_custom_1efe903570d178ff0a9b7bfa5febd3a4 style_1 default-icon\"><div class=\"porto-sicon-default\"><div class=\"porto-just-icon-wrapper porto-icon advanced\" style=\"color:#1e73be;border-style:solid;border-color:#e9e9e9;border-width:1px;width:28px;height:28px;line-height:28px;border-radius:15px;font-size:18px;margin-right:10px;\"><i class=\"fas fa-check\"><\/i><\/div><\/div><div class=\"porto-sicon-header\"><h5 class=\"porto-sicon-title\" style=\"font-weight:600;font-size:14px;letter-spacing:0;\">En iyi durumda olacak \u015fekilde tek tek yenilenmi\u015flerdir<\/h5><\/div> <!-- header --><\/div><!-- porto-sicon-box --><\/div><div class=\"porto-animation\" ><div class=\"porto-sicon-box mb-3  wpb_custom_1efe903570d178ff0a9b7bfa5febd3a4 style_1 default-icon\"><div class=\"porto-sicon-default\"><div class=\"porto-just-icon-wrapper porto-icon advanced\" style=\"color:#1e73be;border-style:solid;border-color:#e9e9e9;border-width:1px;width:28px;height:28px;line-height:28px;border-radius:15px;font-size:18px;margin-right:10px;\"><i class=\"fas fa-check\"><\/i><\/div><\/div><div class=\"porto-sicon-header\"><h5 class=\"porto-sicon-title\" style=\"font-weight:600;font-size:14px;letter-spacing:0;\">Belirli \u00e7al\u0131\u015fma ko\u015fullar\u0131na g\u00fcvence verebilmek ad\u0131na garanti seviyeleri ile sunulur<\/h5><\/div> <!-- header --><\/div><!-- porto-sicon-box --><\/div>[\/vc_column_inner][\/vc_row_inner]<\/div>[\/vc_column][\/vc_row]<\/p>\n<\/section>","protected":false},"excerpt":{"rendered":"<p>[vc_row css=&#8221;.vc_custom_1608390959445{background-color: #f7f7f7 !important;}&#8221;][vc_column el_class=&#8221;pt-5 pb-2 pb-lg-5&#8243;][vc_raw_html el_class=&#8221;mb-0 tri-bottom&#8221;]PHN2ZyB4bWxucz0iaHR0cDovL3d3dy53My5vcmcvMjAwMC9zdmciIHhtbG5zOnhsaW5rPSJodHRwOi8vd3d3LnczLm9yZy8xOTk5L3hsaW5rIiB2ZXJzaW9uPSIxLjEiIHg9IjBweCIgeT0iMHB4IiB2aWV3Ym94PSIwIDAgMjAwMCAxMjAiIHByZXNlcnZlYXNwZWN0cmF0aW89InhNaW5ZTWluIj4KCTxwb2x5Z29uIGZpbGw9IiNGRkYiIHBvaW50cz0iLTExLDIgNjkzLDExMiAyMDE5LDYgMjAxOSwxMzUgLTExLDEzNSAgIj48L3BvbHlnb24+Cjwvc3ZnPg==[\/vc_raw_html][\/vc_column][\/vc_row]<\/p>\n","protected":false},"author":1,"featured_media":0,"parent":0,"menu_order":0,"comment_status":"closed","ping_status":"closed","template":"","meta":{"_acf_changed":false,"inline_featured_image":false,"footnotes":""},"class_list":["post-1169","page","type-page","status-publish","hentry"],"acf":[],"_links":{"self":[{"href":"https:\/\/devamakine.com\/en\/wp-json\/wp\/v2\/pages\/1169","targetHints":{"allow":["GET"]}}],"collection":[{"href":"https:\/\/devamakine.com\/en\/wp-json\/wp\/v2\/pages"}],"about":[{"href":"https:\/\/devamakine.com\/en\/wp-json\/wp\/v2\/types\/page"}],"author":[{"embeddable":true,"href":"https:\/\/devamakine.com\/en\/wp-json\/wp\/v2\/users\/1"}],"replies":[{"embeddable":true,"href":"https:\/\/devamakine.com\/en\/wp-json\/wp\/v2\/comments?post=1169"}],"version-history":[{"count":7,"href":"https:\/\/devamakine.com\/en\/wp-json\/wp\/v2\/pages\/1169\/revisions"}],"predecessor-version":[{"id":1590,"href":"https:\/\/devamakine.com\/en\/wp-json\/wp\/v2\/pages\/1169\/revisions\/1590"}],"wp:attachment":[{"href":"https:\/\/devamakine.com\/en\/wp-json\/wp\/v2\/media?parent=1169"}],"curies":[{"name":"wp","href":"https:\/\/api.w.org\/{rel}","templated":true}]}}