{"id":1132,"date":"2023-07-09T04:06:29","date_gmt":"2023-07-09T01:06:29","guid":{"rendered":"https:\/\/devamakine.com\/after-sales-services\/"},"modified":"2023-09-16T16:25:19","modified_gmt":"2023-09-16T13:25:19","slug":"after-sales-services","status":"publish","type":"page","link":"https:\/\/devamakine.com\/en\/after-sales-services\/","title":{"rendered":"After Sales Services"},"content":{"rendered":"<section class=\"wpb-content-wrapper\"><p>[vc_row css=&#8221;.vc_custom_1608390959445{background-color: #f7f7f7 !important;}&#8221;][vc_column el_class=&#8221;pt-5 pb-2 pb-lg-5&#8243;][vc_raw_html el_class=&#8221;mb-0 tri-bottom&#8221;]PHN2ZyB4bWxucz0iaHR0cDovL3d3dy53My5vcmcvMjAwMC9zdmciIHhtbG5zOnhsaW5rPSJodHRwOi8vd3d3LnczLm9yZy8xOTk5L3hsaW5rIiB2ZXJzaW9uPSIxLjEiIHg9IjBweCIgeT0iMHB4IiB2aWV3Ym94PSIwIDAgMjAwMCAxMjAiIHByZXNlcnZlYXNwZWN0cmF0aW89InhNaW5ZTWluIj4KCTxwb2x5Z29uIGZpbGw9IiNGRkYiIHBvaW50cz0iLTExLDIgNjkzLDExMiAyMDE5LDYgMjAxOSwxMzUgLTExLDEzNSAgIj48L3BvbHlnb24+Cjwvc3ZnPg==[\/vc_raw_html]<div class=\"porto-container container pt-3 pb-5 mb-5\">[vc_custom_heading text=&#8221;DEVA MAKINE&#8221; font_container=&#8221;tag:h3|font_size:1.2em|text_align:left|line_height:42px&#8221; use_theme_fonts=&#8221;yes&#8221; font_weight=&#8221;500&#8243; skin=&#8221;primary&#8221; letter_spacing=&#8221;2.5px&#8221; animation_delay=&#8221;200&#8243; el_class=&#8221;mb-0&#8243;][vc_custom_heading text=&#8221;After Sales Services&#8221; font_container=&#8221;tag:h2|font_size:2.5em|text_align:left|line_height:1.2&#8243; use_theme_fonts=&#8221;yes&#8221; font_weight=&#8221;700&#8243; animation_delay=&#8221;400&#8243; el_class=&#8221;mb-3&#8243;][vc_custom_heading text=&#8221;Our technicians have years of experience and hold international training certificates.&#8221; font_container=&#8221;tag:p|font_size:1.4em|text_align:left|line_height:1.7&#8243; use_theme_fonts=&#8221;yes&#8221; animation_delay=&#8221;600&#8243; el_class=&#8221;custom-font1 mb-4&#8243;][vc_custom_heading text=&#8221;With our expert technical team and engineer personnel we provide 24\/7 service to turbo blowers, vacuum pumps, roots blower and hybrid blower service. In addition, we grow day by day with our strong references and innovative investments in the sector.&#8221; font_container=&#8221;tag:p|text_align:left&#8221; use_theme_fonts=&#8221;yes&#8221; animation_delay=&#8221;800&#8243; el_class=&#8221;mb-0&#8243;][vc_empty_space height=&#8221;42px&#8221;][vc_row_inner el_class=&#8221;clear pt-4&#8243;][vc_column_inner el_class=&#8221;pe-lg-5 mb-4 mb-lg-0&#8243; offset=&#8221;vc_col-lg-6 vc_col-md-7&#8243;][vc_custom_heading text=&#8221;BLOWER BRANDS WE PROVIDE SERVICE&#8221; font_container=&#8221;tag:h4|text_align:left|color:%231e73be&#8221; use_theme_fonts=&#8221;yes&#8221; animation_delay=&#8221;800&#8243; el_class=&#8221;mb-0&#8243;][vc_empty_space height=&#8221;45&#8243;]<div class=\"porto-sicon-box mb-3  wpb_custom_1efe903570d178ff0a9b7bfa5febd3a4 style_1 default-icon\"><div class=\"porto-sicon-default\"><div class=\"porto-just-icon-wrapper porto-icon advanced\" style=\"color:#1e73be;border-style:solid;border-color:#e9e9e9;border-width:1px;width:28px;height:28px;line-height:28px;border-radius:15px;font-size:18px;margin-right:10px;\"><i class=\"fas fa-check\"><\/i><\/div><\/div><div class=\"porto-sicon-header\"><h5 class=\"porto-sicon-title\" style=\"font-weight:600;font-size:14px;letter-spacing:0;\">MOLINO BLOWER VE VAKUM POMPASI<\/h5><\/div> <!-- header --><\/div><!-- porto-sicon-box --><div class=\"porto-sicon-box mb-3  wpb_custom_1efe903570d178ff0a9b7bfa5febd3a4 style_1 default-icon\"><div class=\"porto-sicon-default\"><div class=\"porto-just-icon-wrapper porto-icon advanced\" style=\"color:#1e73be;border-style:solid;border-color:#e9e9e9;border-width:1px;width:28px;height:28px;line-height:28px;border-radius:15px;font-size:18px;margin-right:10px;\"><i class=\"fas fa-check\"><\/i><\/div><\/div><div class=\"porto-sicon-header\"><h5 class=\"porto-sicon-title\" style=\"font-weight:600;font-size:14px;letter-spacing:0;\">AERZEN BLOWER VE VAKUM POMPASI<\/h5><\/div> <!-- header --><\/div><!-- porto-sicon-box --><div class=\"porto-sicon-box mb-3  wpb_custom_1efe903570d178ff0a9b7bfa5febd3a4 style_1 default-icon\"><div class=\"porto-sicon-default\"><div class=\"porto-just-icon-wrapper porto-icon advanced\" style=\"color:#1e73be;border-style:solid;border-color:#e9e9e9;border-width:1px;width:28px;height:28px;line-height:28px;border-radius:15px;font-size:18px;margin-right:10px;\"><i class=\"fas fa-check\"><\/i><\/div><\/div><div class=\"porto-sicon-header\"><h5 class=\"porto-sicon-title\" style=\"font-weight:600;font-size:14px;letter-spacing:0;\">ROBUSCHI BLOWER VE VAKUM POMPASI<\/h5><\/div> <!-- header --><\/div><!-- porto-sicon-box --><div class=\"porto-sicon-box mb-3  wpb_custom_1efe903570d178ff0a9b7bfa5febd3a4 style_1 default-icon\"><div class=\"porto-sicon-default\"><div class=\"porto-just-icon-wrapper porto-icon advanced\" style=\"color:#1e73be;border-style:solid;border-color:#e9e9e9;border-width:1px;width:28px;height:28px;line-height:28px;border-radius:15px;font-size:18px;margin-right:10px;\"><i class=\"fas fa-check\"><\/i><\/div><\/div><div class=\"porto-sicon-header\"><h5 class=\"porto-sicon-title\" style=\"font-weight:600;font-size:14px;letter-spacing:0;\">KAESER BLOWER VE VAKUM POMPASI<\/h5><\/div> <!-- header --><\/div><!-- porto-sicon-box --><div class=\"porto-sicon-box mb-3  wpb_custom_1efe903570d178ff0a9b7bfa5febd3a4 style_1 default-icon\"><div class=\"porto-sicon-default\"><div class=\"porto-just-icon-wrapper porto-icon advanced\" style=\"color:#1e73be;border-style:solid;border-color:#e9e9e9;border-width:1px;width:28px;height:28px;line-height:28px;border-radius:15px;font-size:18px;margin-right:10px;\"><i class=\"fas fa-check\"><\/i><\/div><\/div><div class=\"porto-sicon-header\"><h5 class=\"porto-sicon-title\" style=\"font-weight:600;font-size:14px;letter-spacing:0;\">MAPNER BLOWER VE VAKUM POMPASI<\/h5><\/div> <!-- header --><\/div><!-- porto-sicon-box --><div class=\"porto-sicon-box mb-3  wpb_custom_1efe903570d178ff0a9b7bfa5febd3a4 style_1 default-icon\"><div class=\"porto-sicon-default\"><div class=\"porto-just-icon-wrapper porto-icon advanced\" style=\"color:#1e73be;border-style:solid;border-color:#e9e9e9;border-width:1px;width:28px;height:28px;line-height:28px;border-radius:15px;font-size:18px;margin-right:10px;\"><i class=\"fas fa-check\"><\/i><\/div><\/div><div class=\"porto-sicon-header\"><h5 class=\"porto-sicon-title\" style=\"font-weight:600;font-size:14px;letter-spacing:0;\">PEDROGILL BLOWER VE VAKUM POMPASI<\/h5><\/div> <!-- header --><\/div><!-- porto-sicon-box --><div class=\"porto-sicon-box mb-3  wpb_custom_1efe903570d178ff0a9b7bfa5febd3a4 style_1 default-icon\"><div class=\"porto-sicon-default\"><div class=\"porto-just-icon-wrapper porto-icon advanced\" style=\"color:#1e73be;border-style:solid;border-color:#e9e9e9;border-width:1px;width:28px;height:28px;line-height:28px;border-radius:15px;font-size:18px;margin-right:10px;\"><i class=\"fas fa-check\"><\/i><\/div><\/div><div class=\"porto-sicon-header\"><h5 class=\"porto-sicon-title\" style=\"font-weight:600;font-size:14px;letter-spacing:0;\">GARDNER DENVER BLOWER VE VAKUM POMPASI<\/h5><\/div> <!-- header --><\/div><!-- porto-sicon-box --><div class=\"porto-sicon-box mb-3  wpb_custom_1efe903570d178ff0a9b7bfa5febd3a4 style_1 default-icon\"><div class=\"porto-sicon-default\"><div class=\"porto-just-icon-wrapper porto-icon advanced\" style=\"color:#1e73be;border-style:solid;border-color:#e9e9e9;border-width:1px;width:28px;height:28px;line-height:28px;border-radius:15px;font-size:18px;margin-right:10px;\"><i class=\"fas fa-check\"><\/i><\/div><\/div><div class=\"porto-sicon-header\"><h5 class=\"porto-sicon-title\" style=\"font-weight:600;font-size:14px;letter-spacing:0;\">TUTHILL BLOWER VE VAKUM POMPASI<\/h5><\/div> <!-- header --><\/div><!-- porto-sicon-box --><div class=\"porto-sicon-box mb-3  wpb_custom_1efe903570d178ff0a9b7bfa5febd3a4 style_1 default-icon\"><div class=\"porto-sicon-default\"><div class=\"porto-just-icon-wrapper porto-icon advanced\" style=\"color:#1e73be;border-style:solid;border-color:#e9e9e9;border-width:1px;width:28px;height:28px;line-height:28px;border-radius:15px;font-size:18px;margin-right:10px;\"><i class=\"fas fa-check\"><\/i><\/div><\/div><div class=\"porto-sicon-header\"><h5 class=\"porto-sicon-title\" style=\"font-weight:600;font-size:14px;letter-spacing:0;\">LOTUS BLOWER VE VAKUM POMPASI<\/h5><\/div> <!-- header --><\/div><!-- porto-sicon-box --><div class=\"porto-sicon-box mb-3  wpb_custom_1efe903570d178ff0a9b7bfa5febd3a4 style_1 default-icon\"><div class=\"porto-sicon-default\"><div class=\"porto-just-icon-wrapper porto-icon advanced\" style=\"color:#1e73be;border-style:solid;border-color:#e9e9e9;border-width:1px;width:28px;height:28px;line-height:28px;border-radius:15px;font-size:18px;margin-right:10px;\"><i class=\"fas fa-check\"><\/i><\/div><\/div><div class=\"porto-sicon-header\"><h5 class=\"porto-sicon-title\" style=\"font-weight:600;font-size:14px;letter-spacing:0;\">HIBON BLOWER VE VAKUM POMPASI<\/h5><\/div> <!-- header --><\/div><!-- porto-sicon-box --><div class=\"porto-sicon-box mb-3  wpb_custom_1efe903570d178ff0a9b7bfa5febd3a4 style_1 default-icon\"><div class=\"porto-sicon-default\"><div class=\"porto-just-icon-wrapper porto-icon advanced\" style=\"color:#1e73be;border-style:solid;border-color:#e9e9e9;border-width:1px;width:28px;height:28px;line-height:28px;border-radius:15px;font-size:18px;margin-right:10px;\"><i class=\"fas fa-check\"><\/i><\/div><\/div><div class=\"porto-sicon-header\"><h5 class=\"porto-sicon-title\" style=\"font-weight:600;font-size:14px;letter-spacing:0;\">UKA-LONGTECH BLOWER VE VAKUM POMPASI<\/h5><\/div> <!-- header --><\/div><!-- porto-sicon-box --><div class=\"porto-sicon-box mb-3  wpb_custom_1efe903570d178ff0a9b7bfa5febd3a4 style_1 default-icon\"><div class=\"porto-sicon-default\"><div class=\"porto-just-icon-wrapper porto-icon advanced\" style=\"color:#1e73be;border-style:solid;border-color:#e9e9e9;border-width:1px;width:28px;height:28px;line-height:28px;border-radius:15px;font-size:18px;margin-right:10px;\"><i class=\"fas fa-check\"><\/i><\/div><\/div><div class=\"porto-sicon-header\"><h5 class=\"porto-sicon-title\" style=\"font-weight:600;font-size:14px;letter-spacing:0;\">RUUT BLOWER VE VAKUM POMPASI<\/h5><\/div> <!-- header --><\/div><!-- porto-sicon-box --><div class=\"porto-sicon-box mb-3  wpb_custom_1efe903570d178ff0a9b7bfa5febd3a4 style_1 default-icon\"><div class=\"porto-sicon-default\"><div class=\"porto-just-icon-wrapper porto-icon advanced\" style=\"color:#1e73be;border-style:solid;border-color:#e9e9e9;border-width:1px;width:28px;height:28px;line-height:28px;border-radius:15px;font-size:18px;margin-right:10px;\"><i class=\"fas fa-check\"><\/i><\/div><\/div><div class=\"porto-sicon-header\"><h5 class=\"porto-sicon-title\" style=\"font-weight:600;font-size:14px;letter-spacing:0;\">GARDNER DENVER BLOWER VE VAKUM POMPASI<\/h5><\/div> <!-- header --><\/div><!-- porto-sicon-box --><div class=\"porto-sicon-box mb-3  wpb_custom_1efe903570d178ff0a9b7bfa5febd3a4 style_1 default-icon\"><div class=\"porto-sicon-default\"><div class=\"porto-just-icon-wrapper porto-icon advanced\" style=\"color:#1e73be;border-style:solid;border-color:#e9e9e9;border-width:1px;width:28px;height:28px;line-height:28px;border-radius:15px;font-size:18px;margin-right:10px;\"><i class=\"fas fa-check\"><\/i><\/div><\/div><div class=\"porto-sicon-header\"><h5 class=\"porto-sicon-title\" style=\"font-weight:600;font-size:14px;letter-spacing:0;\">FPZ BLOWER VE VAKUM POMPASI<\/h5><\/div> <!-- header --><\/div><!-- porto-sicon-box --><div class=\"porto-sicon-box mb-3  wpb_custom_1efe903570d178ff0a9b7bfa5febd3a4 style_1 default-icon\"><div class=\"porto-sicon-default\"><div class=\"porto-just-icon-wrapper porto-icon advanced\" style=\"color:#1e73be;border-style:solid;border-color:#e9e9e9;border-width:1px;width:28px;height:28px;line-height:28px;border-radius:15px;font-size:18px;margin-right:10px;\"><i class=\"fas fa-check\"><\/i><\/div><\/div><div class=\"porto-sicon-header\"><h5 class=\"porto-sicon-title\" style=\"font-weight:600;font-size:14px;letter-spacing:0;\">TMM BLOWER VE VAKUM POMPASI<\/h5><\/div> <!-- header --><\/div><!-- porto-sicon-box -->[\/vc_column_inner][vc_column_inner offset=&#8221;vc_col-lg-6 vc_col-md-5&#8243;]<div class=\"porto-animation\" >[vc_custom_heading text=&#8221;HIGH VACUUM UNIT BRANDS WE PROVIDE SERVICE&#8221; font_container=&#8221;tag:h4|text_align:left|color:%231e73be&#8221; use_theme_fonts=&#8221;yes&#8221; animation_delay=&#8221;800&#8243; el_class=&#8221;mb-0&#8243;][vc_empty_space height=&#8221;45&#8243;]<div class=\"porto-sicon-box mb-3  wpb_custom_1efe903570d178ff0a9b7bfa5febd3a4 style_1 default-icon\"><div class=\"porto-sicon-default\"><div class=\"porto-just-icon-wrapper porto-icon advanced\" style=\"color:#1e73be;border-style:solid;border-color:#e9e9e9;border-width:1px;width:28px;height:28px;line-height:28px;border-radius:15px;font-size:18px;margin-right:10px;\"><i class=\"fas fa-check\"><\/i><\/div><\/div><div class=\"porto-sicon-header\"><h5 class=\"porto-sicon-title\" style=\"font-weight:600;font-size:14px;letter-spacing:0;\">BUSCH VAKUM \u00dcN\u0130TELER\u0130<\/h5><\/div> <!-- header --><\/div><!-- porto-sicon-box --><div class=\"porto-sicon-box mb-3  wpb_custom_1efe903570d178ff0a9b7bfa5febd3a4 style_1 default-icon\"><div class=\"porto-sicon-default\"><div class=\"porto-just-icon-wrapper porto-icon advanced\" style=\"color:#1e73be;border-style:solid;border-color:#e9e9e9;border-width:1px;width:28px;height:28px;line-height:28px;border-radius:15px;font-size:18px;margin-right:10px;\"><i class=\"fas fa-check\"><\/i><\/div><\/div><div class=\"porto-sicon-header\"><h5 class=\"porto-sicon-title\" style=\"font-weight:600;font-size:14px;letter-spacing:0;\">BECKER VAKUM \u00dcN\u0130TELER\u0130<\/h5><\/div> <!-- header --><\/div><!-- porto-sicon-box --><div class=\"porto-sicon-box mb-3  wpb_custom_1efe903570d178ff0a9b7bfa5febd3a4 style_1 default-icon\"><div class=\"porto-sicon-default\"><div class=\"porto-just-icon-wrapper porto-icon advanced\" style=\"color:#1e73be;border-style:solid;border-color:#e9e9e9;border-width:1px;width:28px;height:28px;line-height:28px;border-radius:15px;font-size:18px;margin-right:10px;\"><i class=\"fas fa-check\"><\/i><\/div><\/div><div class=\"porto-sicon-header\"><h5 class=\"porto-sicon-title\" style=\"font-weight:600;font-size:14px;letter-spacing:0;\">OERL\u0130KON VAKUM \u00dcN\u0130TELER\u0130<\/h5><\/div> <!-- header --><\/div><!-- porto-sicon-box --><div class=\"porto-sicon-box mb-3  wpb_custom_1efe903570d178ff0a9b7bfa5febd3a4 style_1 default-icon\"><div class=\"porto-sicon-default\"><div class=\"porto-just-icon-wrapper porto-icon advanced\" style=\"color:#1e73be;border-style:solid;border-color:#e9e9e9;border-width:1px;width:28px;height:28px;line-height:28px;border-radius:15px;font-size:18px;margin-right:10px;\"><i class=\"fas fa-check\"><\/i><\/div><\/div><div class=\"porto-sicon-header\"><h5 class=\"porto-sicon-title\" style=\"font-weight:600;font-size:14px;letter-spacing:0;\">PFEIFFER VAKUM \u00dcN\u0130TELER\u0130<\/h5><\/div> <!-- header --><\/div><!-- porto-sicon-box --><div class=\"porto-sicon-box mb-3  wpb_custom_1efe903570d178ff0a9b7bfa5febd3a4 style_1 default-icon\"><div class=\"porto-sicon-default\"><div class=\"porto-just-icon-wrapper porto-icon advanced\" style=\"color:#1e73be;border-style:solid;border-color:#e9e9e9;border-width:1px;width:28px;height:28px;line-height:28px;border-radius:15px;font-size:18px;margin-right:10px;\"><i class=\"fas fa-check\"><\/i><\/div><\/div><div class=\"porto-sicon-header\"><h5 class=\"porto-sicon-title\" style=\"font-weight:600;font-size:14px;letter-spacing:0;\">GARDNER DENVER VAKUM \u00dcN\u0130TELER\u0130<\/h5><\/div> <!-- header --><\/div><!-- porto-sicon-box --><div class=\"porto-sicon-box mb-3  wpb_custom_1efe903570d178ff0a9b7bfa5febd3a4 style_1 default-icon\"><div class=\"porto-sicon-default\"><div class=\"porto-just-icon-wrapper porto-icon advanced\" style=\"color:#1e73be;border-style:solid;border-color:#e9e9e9;border-width:1px;width:28px;height:28px;line-height:28px;border-radius:15px;font-size:18px;margin-right:10px;\"><i class=\"fas fa-check\"><\/i><\/div><\/div><div class=\"porto-sicon-header\"><h5 class=\"porto-sicon-title\" style=\"font-weight:600;font-size:14px;letter-spacing:0;\">RIETSCHLE VAKUM \u00dcN\u0130TELER\u0130<\/h5><\/div> <!-- header --><\/div><!-- porto-sicon-box --><div class=\"porto-sicon-box mb-3  wpb_custom_1efe903570d178ff0a9b7bfa5febd3a4 style_1 default-icon\"><div class=\"porto-sicon-default\"><div class=\"porto-just-icon-wrapper porto-icon advanced\" style=\"color:#1e73be;border-style:solid;border-color:#e9e9e9;border-width:1px;width:28px;height:28px;line-height:28px;border-radius:15px;font-size:18px;margin-right:10px;\"><i class=\"fas fa-check\"><\/i><\/div><\/div><div class=\"porto-sicon-header\"><h5 class=\"porto-sicon-title\" style=\"font-weight:600;font-size:14px;letter-spacing:0;\">BECKER VAKUM \u00dcN\u0130TELER\u0130<\/h5><\/div> <!-- header --><\/div><!-- porto-sicon-box --><div class=\"porto-sicon-box mb-3  wpb_custom_1efe903570d178ff0a9b7bfa5febd3a4 style_1 default-icon\"><div class=\"porto-sicon-default\"><div class=\"porto-just-icon-wrapper porto-icon advanced\" style=\"color:#1e73be;border-style:solid;border-color:#e9e9e9;border-width:1px;width:28px;height:28px;line-height:28px;border-radius:15px;font-size:18px;margin-right:10px;\"><i class=\"fas fa-check\"><\/i><\/div><\/div><div class=\"porto-sicon-header\"><h5 class=\"porto-sicon-title\" style=\"font-weight:600;font-size:14px;letter-spacing:0;\">EDWARD VAKUM \u00dcN\u0130TELER\u0130<\/h5><\/div> <!-- header --><\/div><!-- porto-sicon-box --><div class=\"porto-sicon-box mb-3  wpb_custom_1efe903570d178ff0a9b7bfa5febd3a4 style_1 default-icon\"><div class=\"porto-sicon-default\"><div class=\"porto-just-icon-wrapper porto-icon advanced\" style=\"color:#1e73be;border-style:solid;border-color:#e9e9e9;border-width:1px;width:28px;height:28px;line-height:28px;border-radius:15px;font-size:18px;margin-right:10px;\"><i class=\"fas fa-check\"><\/i><\/div><\/div><div class=\"porto-sicon-header\"><h5 class=\"porto-sicon-title\" style=\"font-weight:600;font-size:14px;letter-spacing:0;\">LEYBOLD VAKUM \u00dcN\u0130TELER\u0130<\/h5><\/div> <!-- header --><\/div><!-- porto-sicon-box --><div class=\"porto-sicon-box mb-3  wpb_custom_1efe903570d178ff0a9b7bfa5febd3a4 style_1 default-icon\"><div class=\"porto-sicon-default\"><div class=\"porto-just-icon-wrapper porto-icon advanced\" style=\"color:#1e73be;border-style:solid;border-color:#e9e9e9;border-width:1px;width:28px;height:28px;line-height:28px;border-radius:15px;font-size:18px;margin-right:10px;\"><i class=\"fas fa-check\"><\/i><\/div><\/div><div class=\"porto-sicon-header\"><h5 class=\"porto-sicon-title\" style=\"font-weight:600;font-size:14px;letter-spacing:0;\">GEV VAKUM \u00dcN\u0130TELER\u0130<\/h5><\/div> <!-- header --><\/div><!-- porto-sicon-box -->[vc_empty_space]<\/div>[vc_single_image image=&#8221;1583&#8243; img_size=&#8221;450&#215;320&#8243; style=&#8221;vc_box_outline&#8221; border_color=&#8221;blue&#8221; label=&#8221;&#8221;][\/vc_column_inner][\/vc_row_inner]<\/div>[\/vc_column][\/vc_row]<\/p>\n<\/section>","protected":false},"excerpt":{"rendered":"<p>[vc_row css=&#8221;.vc_custom_1608390959445{background-color: #f7f7f7 !important;}&#8221;][vc_column el_class=&#8221;pt-5 pb-2 pb-lg-5&#8243;][vc_raw_html el_class=&#8221;mb-0 tri-bottom&#8221;]PHN2ZyB4bWxucz0iaHR0cDovL3d3dy53My5vcmcvMjAwMC9zdmciIHhtbG5zOnhsaW5rPSJodHRwOi8vd3d3LnczLm9yZy8xOTk5L3hsaW5rIiB2ZXJzaW9uPSIxLjEiIHg9IjBweCIgeT0iMHB4IiB2aWV3Ym94PSIwIDAgMjAwMCAxMjAiIHByZXNlcnZlYXNwZWN0cmF0aW89InhNaW5ZTWluIj4KCTxwb2x5Z29uIGZpbGw9IiNGRkYiIHBvaW50cz0iLTExLDIgNjkzLDExMiAyMDE5LDYgMjAxOSwxMzUgLTExLDEzNSAgIj48L3BvbHlnb24+Cjwvc3ZnPg==[\/vc_raw_html][\/vc_column][\/vc_row]<\/p>\n","protected":false},"author":1,"featured_media":0,"parent":0,"menu_order":0,"comment_status":"closed","ping_status":"closed","template":"","meta":{"_acf_changed":false,"inline_featured_image":false,"footnotes":""},"class_list":["post-1132","page","type-page","status-publish","hentry"],"acf":[],"_links":{"self":[{"href":"https:\/\/devamakine.com\/en\/wp-json\/wp\/v2\/pages\/1132","targetHints":{"allow":["GET"]}}],"collection":[{"href":"https:\/\/devamakine.com\/en\/wp-json\/wp\/v2\/pages"}],"about":[{"href":"https:\/\/devamakine.com\/en\/wp-json\/wp\/v2\/types\/page"}],"author":[{"embeddable":true,"href":"https:\/\/devamakine.com\/en\/wp-json\/wp\/v2\/users\/1"}],"replies":[{"embeddable":true,"href":"https:\/\/devamakine.com\/en\/wp-json\/wp\/v2\/comments?post=1132"}],"version-history":[{"count":8,"href":"https:\/\/devamakine.com\/en\/wp-json\/wp\/v2\/pages\/1132\/revisions"}],"predecessor-version":[{"id":1586,"href":"https:\/\/devamakine.com\/en\/wp-json\/wp\/v2\/pages\/1132\/revisions\/1586"}],"wp:attachment":[{"href":"https:\/\/devamakine.com\/en\/wp-json\/wp\/v2\/media?parent=1132"}],"curies":[{"name":"wp","href":"https:\/\/api.w.org\/{rel}","templated":true}]}}